{"id":171,"date":"2023-08-17T05:15:59","date_gmt":"2023-08-17T03:15:59","guid":{"rendered":"http:\/\/puntoino.ladetec.com\/?post_type=product&#038;p=171"},"modified":"2024-04-25T06:02:46","modified_gmt":"2024-04-25T04:02:46","slug":"blue-pill-stm32f103c8t6-copia","status":"publish","type":"product","link":"https:\/\/puntoino.ladetec.com\/?product=blue-pill-stm32f103c8t6-copia","title":{"rendered":"ST Link V2"},"content":{"rendered":"<p>El <a href=\"https:\/\/www.luisllamas.es\/programar-stm32-con-ide-de-arduino-y-st-link-v2\/\">ST Link V2<\/a> es un programador y depurador de bajo costo dise\u00f1ado espec\u00edficamente para trabajar con microcontroladores STM32 de STMicroelectronics. Es un producto esencial para cualquier entusiasta de Arduino que desee programar y depurar sus proyectos.<\/p>\n<p>Este dispositivo se conecta a trav\u00e9s de USB a tu computadora y te permite cargar y depurar el firmware en los microcontroladores STM32. Tambi\u00e9n es compatible con el entorno de desarrollo integrado (IDE) de Arduino, lo que facilita la programaci\u00f3n de tus proyectos.<\/p>\n<p>El ST Link V2 ofrece una interfaz de programaci\u00f3n y depuraci\u00f3n r\u00e1pida y confiable. Puedes cargar tu c\u00f3digo en el microcontrolador de manera eficiente y realizar un seguimiento de su ejecuci\u00f3n paso a paso para detectar y corregir errores.<\/p>\n<p>Adem\u00e1s, este programador es compatible con una amplia gama de microcontroladores STM32, lo que te brinda flexibilidad para trabajar en diferentes proyectos. Tambi\u00e9n cuenta con una interfaz de depuraci\u00f3n SWD (Serial Wire Debug) que permite una depuraci\u00f3n m\u00e1s avanzada y precisa.<\/p>\n<p>En resumen, el ST Link V2 es un producto imprescindible para cualquier tienda en l\u00ednea de Arduino. Ofrece una forma f\u00e1cil y econ\u00f3mica de programar y depurar microcontroladores STM32, lo que lo convierte en una herramienta valiosa para los entusiastas de Arduino y los desarrolladores de proyectos electr\u00f3nicos.<\/p>\n","protected":false},"excerpt":{"rendered":"<p>El <a href=\"https:\/\/www.luisllamas.es\/programar-stm32-con-ide-de-arduino-y-st-link-v2\/\">ST Link V2<\/a> es un programador y depurador de bajo costo dise\u00f1ado espec\u00edficamente para trabajar con microcontroladores STM32 de STMicroelectronics. Es un producto esencial para cualquier entusiasta de Arduino que desee programar y depurar sus proyectos.<\/p>\n<p>Este dispositivo se conecta a trav\u00e9s de USB a tu computadora y te permite cargar y depurar el firmware en los microcontroladores STM32. Tambi\u00e9n es compatible con el entorno de desarrollo integrado (IDE) de Arduino, lo que facilita la programaci\u00f3n de tus proyectos.<\/p>\n<p>&nbsp;<\/p>\n","protected":false},"featured_media":172,"comment_status":"open","ping_status":"closed","template":"","meta":{"_monsterinsights_skip_tracking":false,"_monsterinsights_sitenote_active":false,"_monsterinsights_sitenote_note":"","_monsterinsights_sitenote_category":0},"product_cat":[18],"product_tag":[50,47],"aioseo_notices":[],"jetpack_sharing_enabled":true,"_links":{"self":[{"href":"https:\/\/puntoino.ladetec.com\/index.php?rest_route=\/wp\/v2\/product\/171"}],"collection":[{"href":"https:\/\/puntoino.ladetec.com\/index.php?rest_route=\/wp\/v2\/product"}],"about":[{"href":"https:\/\/puntoino.ladetec.com\/index.php?rest_route=\/wp\/v2\/types\/product"}],"replies":[{"embeddable":true,"href":"https:\/\/puntoino.ladetec.com\/index.php?rest_route=%2Fwp%2Fv2%2Fcomments&post=171"}],"wp:featuredmedia":[{"embeddable":true,"href":"https:\/\/puntoino.ladetec.com\/index.php?rest_route=\/wp\/v2\/media\/172"}],"wp:attachment":[{"href":"https:\/\/puntoino.ladetec.com\/index.php?rest_route=%2Fwp%2Fv2%2Fmedia&parent=171"}],"wp:term":[{"taxonomy":"product_cat","embeddable":true,"href":"https:\/\/puntoino.ladetec.com\/index.php?rest_route=%2Fwp%2Fv2%2Fproduct_cat&post=171"},{"taxonomy":"product_tag","embeddable":true,"href":"https:\/\/puntoino.ladetec.com\/index.php?rest_route=%2Fwp%2Fv2%2Fproduct_tag&post=171"}],"curies":[{"name":"wp","href":"https:\/\/api.w.org\/{rel}","templated":true}]}}